{"id":3554,"date":"2023-10-07T23:44:55","date_gmt":"2023-10-07T21:44:55","guid":{"rendered":"https:\/\/www.just-a-simple-cloud.com\/?page_id=3554"},"modified":"2023-10-25T15:53:24","modified_gmt":"2023-10-25T13:53:24","slug":"nachhaltigkeit","status":"publish","type":"page","link":"https:\/\/www.just-a-simple-cloud.com\/de\/nachhaltigkeit\/","title":{"rendered":"Nachhaltigkeit"},"content":{"rendered":"<div class=\"fusion-fullwidth fullwidth-box fusion-builder-row-1 nonhundred-percent-fullwidth non-hundred-percent-height-scrolling\" style=\"--awb-border-radius-top-left:0px;--awb-border-radius-top-right:0px;--awb-border-radius-bottom-right:0px;--awb-border-radius-bottom-left:0px;--awb-padding-bottom:30px;--awb-background-color:#333333;--awb-flex-wrap:wrap;\" ><div class=\"fusion-builder-row fusion-row\"><div class=\"fusion-layout-column fusion_builder_column fusion-builder-column-0 fusion_builder_column_1_1 1_1 fusion-one-full fusion-column-first fusion-column-last\" style=\"--awb-bg-size:cover;\"><div class=\"fusion-column-wrapper fusion-column-has-shadow fusion-flex-column-wrapper-legacy\"><div class=\"fusion-text fusion-text-1\" style=\"--awb-text-color:#ffffff;\"><p style=\"text-align: center;\">Wir sind uns der Verantwortung bewusst, die wir f\u00fcr die Gesellschaft als Ganzes tragen. Gemeinsam mit unserem Partner Tree-Nation unterst\u00fctzen wir die Erhaltung der nat\u00fcrlichen Ressourcen in der Welt um uns herum.<\/p>\n<p style=\"text-align: center;\">Helfen Sie mit!<\/p>\n<\/div><div class=\"fusion-text fusion-text-2\"><p><center><iframe src=\"https:\/\/tree-nation.com\/de\/hashtag\/JASCForest\" width=\"100%\" height=\"3000\"><\/iframe><\/center><\/p>\n<\/div><div class=\"fusion-clearfix\"><\/div><\/div><\/div><\/div><\/div>\n","protected":false},"excerpt":{"rendered":"","protected":false},"author":3,"featured_media":0,"parent":0,"menu_order":0,"comment_status":"closed","ping_status":"closed","template":"100-width.php","meta":{"footnotes":""},"class_list":["post-3554","page","type-page","status-publish","hentry"],"_links":{"self":[{"href":"https:\/\/www.just-a-simple-cloud.com\/de\/wp-json\/wp\/v2\/pages\/3554","targetHints":{"allow":["GET"]}}],"collection":[{"href":"https:\/\/www.just-a-simple-cloud.com\/de\/wp-json\/wp\/v2\/pages"}],"about":[{"href":"https:\/\/www.just-a-simple-cloud.com\/de\/wp-json\/wp\/v2\/types\/page"}],"author":[{"embeddable":true,"href":"https:\/\/www.just-a-simple-cloud.com\/de\/wp-json\/wp\/v2\/users\/3"}],"replies":[{"embeddable":true,"href":"https:\/\/www.just-a-simple-cloud.com\/de\/wp-json\/wp\/v2\/comments?post=3554"}],"version-history":[{"count":0,"href":"https:\/\/www.just-a-simple-cloud.com\/de\/wp-json\/wp\/v2\/pages\/3554\/revisions"}],"wp:attachment":[{"href":"https:\/\/www.just-a-simple-cloud.com\/de\/wp-json\/wp\/v2\/media?parent=3554"}],"curies":[{"name":"wp","href":"https:\/\/api.w.org\/{rel}","templated":true}]}}