{"id":3088,"date":"2019-05-11T00:17:55","date_gmt":"2019-05-10T22:17:55","guid":{"rendered":"https:\/\/www.just-a-simple-cloud.com\/?page_id=3088"},"modified":"2023-06-12T00:21:35","modified_gmt":"2023-06-11T22:21:35","slug":"raspishop","status":"publish","type":"page","link":"https:\/\/www.just-a-simple-cloud.com\/de\/raspishop\/","title":{"rendered":"Raspishop"},"content":{"rendered":"<div class=\"fusion-fullwidth fullwidth-box fusion-builder-row-1 nonhundred-percent-fullwidth non-hundred-percent-height-scrolling\" style=\"--awb-border-radius-top-left:0px;--awb-border-radius-top-right:0px;--awb-border-radius-bottom-right:0px;--awb-border-radius-bottom-left:0px;--awb-padding-bottom:30px;--awb-background-color:#333333;--awb-flex-wrap:wrap;\" ><div class=\"fusion-builder-row fusion-row\"><div class=\"fusion-layout-column fusion_builder_column fusion-builder-column-0 fusion_builder_column_1_1 1_1 fusion-one-full fusion-column-first fusion-column-last\" style=\"--awb-bg-size:cover;\"><div class=\"fusion-column-wrapper fusion-column-has-shadow fusion-flex-column-wrapper-legacy\"><div class=\"fusion-title title fusion-title-1 sep-underline sep-solid fusion-title-text fusion-title-size-one\"><h1 class=\"fusion-title-heading title-heading-left fusion-responsive-typography-calculated\" style=\"margin:0;--fontSize:44;line-height:1.05;\"><p style=\"text-align: center;\">Hier gibt es den Raspberry Pi<\/p><\/h1><\/div><div class=\"fusion-text fusion-text-1\" style=\"--awb-text-transform:none;\"><style>\n.myButton {\n\tbackground-color:#F87C09;\n\t-moz-border-radius:28px;\n\t-webkit-border-radius:28px;\n\tborder-radius:28px;\n\tborder:1px solid #18ab29;\n\tdisplay:inline-block;\n\tcursor:pointer;\n\tcolor:#ffffff;\n\tfont-family:Arial;\n\tfont-size:17px;\n\tpadding:16px 31px;\n\ttext-decoration:none;\n\ttext-shadow:0px 1px 0px #2f6627;\n}\n.myButton:hover {\n\tbackground-color:#F87C09;\n}\n.myButton:active {\n\tposition:relative;\n\ttop:1px;\n}\n<\/style>\t\t\t<center>\r\n\t\t\t\t<form action=\"\/raspi\/checkshop.php\" method=\"post\" style=\"width:70%; \">\r\n\t\t\t\t\t\t\t\t\t\t<p><table style=\"width:90%\">\r\n\t\t\t\t\t\t<tr>\r\n\t\t\t\t\t\t\t<td colspan=\"2\" style=\"width:80%\"><strong>Lieferumfang:<\/strong> RasPi Model 4B 2GB RAM, SD-Karte 128GB,<\/br>Geh\u00e4use inkl. Netzteil, Netzwerkkabel<\/td>\r\n\t\t\t\t\t\t\t<td  style=\"text-align:right\">149.99 EUR<\/td>\r\n\t\t\t\t\t\t<\/tr>\r\n\t\t\t\t\t<\/table><\/p>\r\n\t\t\t\t\t<table style=\"width:90%\">\r\n\t\t\t\t\t\t<tr>\r\n\t\t\t\t\t\t\t<td style=\"width:20%;\">Vorname:<\/td>\r\n\t\t\t\t\t\t\t<td style=\"width:30%;\">\r\n\t\t\t\t\t\t\t\t<input type=\"text\" style=\"width: 100%; heigth: 15px; color: black;\" name=\"Vorname\"  autocomplete=\"off\" placeholder=\"Vorname\">\r\n\t\t\t\t\t\t\t<\/td>\r\n\t\t\t\t\t\t\t<td style=\"width:20%;\">&nbsp;Name:<\/td>\r\n\t\t\t\t\t\t\t<td style=\"width:30%;\">\r\n\t\t\t\t\t\t\t\t<input type=\"text\" style=\"width: 100%; heigth: 15px; color: black;\" name=\"Name\"  autocomplete=\"off\" placeholder=\"Name\">\r\n\t\t\t\t\t\t\t<\/td>\r\n\t\t\t\t\t\t<\/tr>\r\n\t\t\t\t\t\t<tr>\r\n\t\t\t\t\t\t\t<td style=\"width:20%;\">Adresszusatz:<\/td>\r\n\t\t\t\t\t\t\t<td colspan=\"4\">\r\n\t\t\t\t\t\t\t\t<input type=\"text\" style=\"width: 100%; heigth: 15px; color: black;\" name=\"Adresszusatz\"  autocomplete=\"off\" placeholder=\"Adresszusatz\">\r\n\t\t\t\t\t\t\t<\/td>\r\n\t\t\t\t\t\t<\/tr>\r\n\t\t\t\t\t\t<tr>\r\n\t\t\t\t\t\t\t<td style=\"width:20%;\">Strasse:<\/td>\r\n\t\t\t\t\t\t\t<td colspan=\"4\">\r\n\t\t\t\t\t\t\t\t<input type=\"text\" style=\"width: 100%; heigth: 15px; color: black;\" name=\"Strasse\"  autocomplete=\"off\" placeholder=\"Strasse\">\r\n\t\t\t\t\t\t\t<\/td>\r\n\t\t\t\t\t\t<\/tr>\r\n\t\t\t\t\t\t<tr>\r\n\t\t\t\t\t\t\t<td style=\"width:20%;\">PLZ:<\/td>\r\n\t\t\t\t\t\t\t<td style=\"width:30%;\">\r\n\t\t\t\t\t\t\t\t<input type=\"text\" style=\"width: 100%; heigth: 15px; color: black;\" name=\"PLZ\"  autocomplete=\"off\" placeholder=\"PLZ\">\r\n\t\t\t\t\t\t\t<\/td>\r\n\t\t\t\t\t\t\t<td style=\"width:20%;\">&nbsp;Ort:<\/td>\r\n\t\t\t\t\t\t\t<td style=\"width:30%;\">\r\n\t\t\t\t\t\t\t\t<input type=\"text\" style=\"width: 100%; heigth: 15px; color: black;\" name=\"Ort\"  autocomplete=\"off\" placeholder=\"Ort\">\r\n\t\t\t\t\t\t\t<\/td>\r\n\t\t\t\t\t\t<\/tr>\r\n\t\t\t\t\t\t<tr>\r\n\t\t\t\t\t\t\t<td class = \"select\" style=\"width:20%;\">Land:<\/td>   \r\n\t\t\t\t\t\t\t<td colspan=\"4\">\r\n\t\t\t\t\t\t\t   <select name=\"Land\" style=\"width:100%; background:white;\">\r\n\t\t\t\t\t\t\t\t\t<option value='Deutschland'>Deutschland - Versand: 6.90 EUR<\/option><option value='Spanien (Festland)'>Spanien (Festland) - Versand: 14.99 EUR<\/option><option value='Portugal'>Portugal - Versand: 14.99 EUR<\/option><option value='Italien'>Italien - Versand: 14.99 EUR<\/option><option value='Norwegen'>Norwegen - Versand: 15.99 EUR<\/option><option value='Schweden'>Schweden - Versand: 14.99 EUR<\/option><option value='Finnland'>Finnland - Versand: 14.99 EUR<\/option><option value='\u00d6sterreich'>\u00d6sterreich - Versand: 14.99 EUR<\/option><option value='Schweiz'>Schweiz - Versand: 29.99 EUR<\/option><option value='D\u00e4nemark'>D\u00e4nemark - Versand: 14.99 EUR<\/option><option value='Gro\u00dfbritanien'>Gro\u00dfbritanien - Versand: 14.99 EUR<\/option><option value='Belgien'>Belgien - Versand: 14.99 EUR<\/option><option value='Niederlande'>Niederlande - Versand: 14.99 EUR<\/option><option value='Luxemburg'>Luxemburg - Versand: 14.99 EUR<\/option><option value='Frankreich'>Frankreich - Versand: 14.99 EUR<\/option>\t\t\t\t\t\t\t   <\/select>\r\n\t\t\t\t\t\t\t<\/td>        \r\n\t\t\t\t\t\t<\/tr>\r\n\t\t\t\t\t\t<tr>\r\n\t\t\t\t\t\t\t<td style=\"width:20%;\">Email:<\/td>\r\n\t\t\t\t\t\t\t<td colspan=\"4\">\r\n\t\t\t\t\t\t\t\t<input type=\"text\" style=\"width: 100%; heigth: 15px; color: black;\" name=\"Email\"  autocomplete=\"off\" placeholder=\"Email\">\r\n\t\t\t\t\t\t\t<\/td>\r\n\t\t\t\t\t\t<\/tr>\r\n\t\t\t\t\t<\/table>\r\n\t\t\t\t\t<p><table style=\"width:90%\">\r\n\t\t\t\t\t\t<tr>\r\n\t\t\t\t\t\t\t<td style=\"width:50%\">Zahlungsart:<\/td>\r\n\t\t\t\t\t\t\t<td style=\"width:50%\"><input type=\"radio\" name=\"Zahlungsart\" value=\"Creditcard\" checked> Kreditkarte<\/td>\r\n\t\t\t\t\t\t<\/tr>\r\n\t\t\t\t\t\t<tr>\r\n\t\t\t\t\t\t\t<td><\/td>\r\n\t\t\t\t\t\t\t<td><input type=\"radio\" name=\"Zahlungsart\" value=\"Paypal\"> PayPal<\/td>\r\n\t\t\t\t\t\t<\/tr>\r\n\t\t\t\t\t\t<tr>\r\n\t\t\t\t\t\t\t<td colspan=2\">\r\n\t\t\t\t\t\t\t\t<input type=\"checkbox\" name=\"Datenschutz\"><small>Ich habe die Datenschutzerkl\u00e4rung gelesen und akzeptiere diese. Die hier erhobenen Daten werden ausschlie\u00dflich f\u00fcr den Verkauf und\/oder Versand des hier bestellten Systems verwendet.<\/small>\r\n\t\t\t\t\t\t\t<\/td>\r\n\t\t\t\t\t\t<\/tr>\r\n\t\t\t\t\t<\/table><\/p>\r\n\t\t\t\t\t\t<button class=\"myButton\">Weiter<\/button>\r\n\t\t\t\t\t<\/br><\/br><\/br>\r\n\t\t\t\t<\/form>\r\n\t\t\t<\/center>\r\n\t\t\n<\/div><div class=\"fusion-clearfix\"><\/div><\/div><\/div><\/div><\/div>\n","protected":false},"excerpt":{"rendered":"","protected":false},"author":2,"featured_media":0,"parent":0,"menu_order":0,"comment_status":"closed","ping_status":"closed","template":"100-width.php","meta":{"footnotes":""},"class_list":["post-3088","page","type-page","status-publish","hentry"],"_links":{"self":[{"href":"https:\/\/www.just-a-simple-cloud.com\/de\/wp-json\/wp\/v2\/pages\/3088","targetHints":{"allow":["GET"]}}],"collection":[{"href":"https:\/\/www.just-a-simple-cloud.com\/de\/wp-json\/wp\/v2\/pages"}],"about":[{"href":"https:\/\/www.just-a-simple-cloud.com\/de\/wp-json\/wp\/v2\/types\/page"}],"author":[{"embeddable":true,"href":"https:\/\/www.just-a-simple-cloud.com\/de\/wp-json\/wp\/v2\/users\/2"}],"replies":[{"embeddable":true,"href":"https:\/\/www.just-a-simple-cloud.com\/de\/wp-json\/wp\/v2\/comments?post=3088"}],"version-history":[{"count":0,"href":"https:\/\/www.just-a-simple-cloud.com\/de\/wp-json\/wp\/v2\/pages\/3088\/revisions"}],"wp:attachment":[{"href":"https:\/\/www.just-a-simple-cloud.com\/de\/wp-json\/wp\/v2\/media?parent=3088"}],"curies":[{"name":"wp","href":"https:\/\/api.w.org\/{rel}","templated":true}]}}