{"id":3028,"date":"2019-04-21T00:24:07","date_gmt":"2019-04-20T22:24:07","guid":{"rendered":"https:\/\/www.just-a-simple-cloud.com\/?page_id=3028"},"modified":"2025-06-30T14:06:25","modified_gmt":"2025-06-30T12:06:25","slug":"raspi","status":"publish","type":"page","link":"https:\/\/www.just-a-simple-cloud.com\/de\/raspi\/","title":{"rendered":"Raspi"},"content":{"rendered":"<p><div class=\"fusion-fullwidth fullwidth-box fusion-builder-row-1 fusion-parallax-none nonhundred-percent-fullwidth non-hundred-percent-height-scrolling\" style=\"--awb-border-radius-top-left:0px;--awb-border-radius-top-right:0px;--awb-border-radius-bottom-right:0px;--awb-border-radius-bottom-left:0px;--awb-padding-top:45px;--awb-background-color:rgba(238,238,238,0);--awb-background-image:url(&quot;https:\/\/www.just-a-simple-cloud.com\/wp-content\/uploads\/2018\/06\/ueber-den-wolken.jpg&quot;);--awb-background-size:cover;--awb-flex-wrap:wrap;\" ><div class=\"fusion-builder-row fusion-row\"><div class=\"fusion-layout-column fusion_builder_column fusion-builder-column-0 fusion_builder_column_1_6 1_6 fusion-one-sixth fusion-column-first fusion-no-small-visibility\" style=\"--awb-bg-size:cover;width:16.666666666667%;width:calc(16.666666666667% - ( ( 4% + 4% ) * 0.16666666666667 ) );margin-right: 4%;\"><div class=\"fusion-column-wrapper fusion-flex-column-wrapper-legacy\"><div class=\"fusion-clearfix\"><\/div><\/div><\/div><div class=\"fusion-layout-column fusion_builder_column fusion-builder-column-1 fusion_builder_column_2_3 2_3 fusion-two-third fusion-animated\" style=\"--awb-bg-size:cover;--awb-margin-top:85px;--awb-margin-bottom:60px;width:66.666666666667%;width:calc(66.666666666667% - ( ( 4% + 4% ) * 0.66666666666667 ) );margin-right: 4%;\" data-animationType=\"zoomIn\" data-animationDuration=\"0.9\" data-animationOffset=\"top-into-view\"><div class=\"fusion-column-wrapper fusion-flex-column-wrapper-legacy\"><div class=\"fusion-title title fusion-title-1 fusion-sep-none fusion-title-center fusion-title-text fusion-title-size-one\"><h1 class=\"fusion-title-heading title-heading-center fusion-responsive-typography-calculated\" style=\"margin:0;--fontSize:44;line-height:1.05;\"><p><span style=\"color: #333645;\">Just a simple cloud<br \/>\nauf Raspberry Pi<\/span><\/p><\/h1><\/div><div class=\"fusion-sep-clear\"><\/div><div class=\"fusion-separator\" style=\"margin-left: auto;margin-right: auto;margin-top:16px;margin-bottom:36px;width:100%;max-width:24%;\"><div class=\"fusion-separator-border sep-single\" style=\"--awb-height:20px;--awb-amount:20px;border-color:#8e8e8e;border-top-width:2px;\"><\/div><\/div><div class=\"fusion-sep-clear\"><\/div><div class=\"fusion-text fusion-text-1\"><p style=\"text-align: center; color: black;\">\u201eIch habe gar keinen eigenen Server\u2026.\u201c<br \/>\nDaf\u00fcr gibt es ja den Raspberry Pi!<\/p>\n<\/div><div class=\"fusion-clearfix\"><\/div><\/div><\/div><div class=\"fusion-layout-column fusion_builder_column fusion-builder-column-2 fusion_builder_column_1_6 1_6 fusion-one-sixth fusion-column-last fusion-no-small-visibility\" style=\"--awb-bg-size:cover;width:16.666666666667%;width:calc(16.666666666667% - ( ( 4% + 4% ) * 0.16666666666667 ) );\"><div class=\"fusion-column-wrapper fusion-flex-column-wrapper-legacy\"><div class=\"fusion-clearfix\"><\/div><\/div><\/div><div class=\"fusion-layout-column fusion_builder_column fusion-builder-column-3 fusion_builder_column_1_1 1_1 fusion-one-full fusion-column-first fusion-column-last fusion-no-small-visibility\" style=\"--awb-bg-size:cover;--awb-margin-top:0px;--awb-margin-bottom:0px;\"><div class=\"fusion-column-wrapper fusion-flex-column-wrapper-legacy\"><div class=\"fusion-column-content-centered\"><div class=\"fusion-column-content\"><div class=\"fusion-section-separator section-separator big-half-circle fusion-section-separator-1\" style=\"--awb-spacer-height:99px;--awb-svg-margin-left:0;--awb-svg-margin-right:0;--awb-divider-height:99px;--awb-spacer-padding-top:inherit;--awb-sep-padding:0;--awb-svg-padding:0;\"><div class=\"fusion-section-separator-svg\"><svg class=\"fusion-big-half-circle-candy\" xmlns=\"http:\/\/www.w3.org\/2000\/svg\" version=\"1.1\" width=\"100%\" height=\"100\" viewBox=\"0 0 100 100\" preserveAspectRatio=\"none\" fill=\"rgba(51,51,51,1)\"><path d=\"M0 100 C40 0 60 0 100 100 Z\"><\/path><\/svg><\/div><div class=\"fusion-section-separator-spacer\"><div class=\"fusion-section-separator-spacer-height\"><\/div><\/div><\/div><\/div><\/div><div class=\"fusion-clearfix\"><\/div><\/div><\/div><\/div><\/div><div class=\"fusion-fullwidth fullwidth-box fusion-builder-row-2 nonhundred-percent-fullwidth non-hundred-percent-height-scrolling\" style=\"--awb-border-radius-top-left:0px;--awb-border-radius-top-right:0px;--awb-border-radius-bottom-right:0px;--awb-border-radius-bottom-left:0px;--awb-padding-top:50px;--awb-padding-bottom:70px;--awb-background-color:#333333;--awb-flex-wrap:wrap;\" ><div class=\"fusion-builder-row fusion-row\"><div class=\"fusion-layout-column fusion_builder_column fusion-builder-column-4 fusion_builder_column_1_1 1_1 fusion-one-full fusion-column-first fusion-column-last fusion-no-small-visibility\" style=\"--awb-bg-size:cover;--awb-margin-top:0px;--awb-margin-bottom:0px;\"><div class=\"fusion-column-wrapper fusion-flex-column-wrapper-legacy\"><div class=\"fusion-column-content-centered\"><div class=\"fusion-column-content\"><div class=\"fusion-title title fusion-title-2 sep-underline sep-solid fusion-title-text fusion-title-size-one\"><h1 class=\"fusion-title-heading title-heading-left fusion-responsive-typography-calculated\" style=\"margin:0;--fontSize:44;line-height:1.05;\"><p style=\"text-align: center;\">Ihr eigener Server, bei Ihnen zuhause oder im B\u00fcro!<\/p>\n<p style=\"text-align: center;\">Und das f\u00fcr die Rapberry Pi Modelle 3 bis 5!<\/p><\/h1><\/div><\/div><\/div><div class=\"fusion-clearfix\"><\/div><\/div><\/div><div class=\"fusion-layout-column fusion_builder_column fusion-builder-column-5 fusion_builder_column_1_3 1_3 fusion-one-third fusion-column-first fusion-no-small-visibility\" style=\"--awb-bg-size:cover;width:33.333333333333%;width:calc(33.333333333333% - ( ( 4% ) * 0.33333333333333 ) );margin-right: 4%;\"><div class=\"fusion-column-wrapper fusion-column-has-shadow fusion-flex-column-wrapper-legacy\"><div class=\"fusion-column-content-centered\"><div class=\"fusion-column-content\"><div class=\"fusion-image-element in-legacy-container\" style=\"--awb-caption-title-font-family:var(--h2_typography-font-family);--awb-caption-title-font-weight:var(--h2_typography-font-weight);--awb-caption-title-font-style:var(--h2_typography-font-style);--awb-caption-title-size:var(--h2_typography-font-size);--awb-caption-title-transform:var(--h2_typography-text-transform);--awb-caption-title-line-height:var(--h2_typography-line-height);--awb-caption-title-letter-spacing:var(--h2_typography-letter-spacing);\"><span class=\" fusion-imageframe imageframe-none imageframe-1 hover-type-none fusion-animated\" data-animationType=\"zoomInLeft\" data-animationDuration=\"1.0\" data-animationOffset=\"top-into-view\"><a href=\"https:\/\/www.just-a-simple-cloud.com\/wp-content\/uploads\/2023\/06\/JASC-Raspi-1.png\" class=\"fusion-lightbox\" data-rel=\"iLightbox[7752876cec207095734]\" data-title=\"JASC-Raspi\" title=\"JASC-Raspi\"><img decoding=\"async\" width=\"1024\" height=\"692\" alt=\"JASC - Raspberry Pi\" src=\"https:\/\/www.just-a-simple-cloud.com\/wp-content\/uploads\/2023\/06\/JASC-Raspi-1.png\" class=\"img-responsive wp-image-3429\" srcset=\"https:\/\/www.just-a-simple-cloud.com\/wp-content\/uploads\/2023\/06\/JASC-Raspi-1-200x135.png 200w, https:\/\/www.just-a-simple-cloud.com\/wp-content\/uploads\/2023\/06\/JASC-Raspi-1-400x270.png 400w, https:\/\/www.just-a-simple-cloud.com\/wp-content\/uploads\/2023\/06\/JASC-Raspi-1-600x405.png 600w, https:\/\/www.just-a-simple-cloud.com\/wp-content\/uploads\/2023\/06\/JASC-Raspi-1-800x541.png 800w, https:\/\/www.just-a-simple-cloud.com\/wp-content\/uploads\/2023\/06\/JASC-Raspi-1.png 1024w\" sizes=\"(max-width: 1000px) 100vw, 400px\" \/><\/a><\/span><\/div><\/div><\/div><div class=\"fusion-clearfix\"><\/div><\/div><\/div><div class=\"fusion-layout-column fusion_builder_column fusion-builder-column-6 fusion_builder_column_2_3 2_3 fusion-two-third fusion-column-last\" style=\"--awb-bg-size:cover;--awb-margin-top:80px;--awb-margin-bottom:45px;width:66.666666666667%;width:calc(66.666666666667% - ( ( 4% ) * 0.66666666666667 ) );\"><div class=\"fusion-column-wrapper fusion-flex-column-wrapper-legacy\"><div class=\"fusion-text fusion-text-2\" style=\"--awb-text-transform:none;\"><p>Der Raspberry Pi ist der erfolgreichste Klein-Computer. Er wurde weltweit mehr als 40 Millionen Mal verkauft.<\/p>\n<p>Alles, was Sie dazu ben\u00f6tigen, ist ein Raspberry Pi (Modell &#8222;3B&#8220; bis &#8222;5&#8220;). Sie k\u00f6nnen entweder Ihren eigenen Rapberry Pi mit einem von uns bereit gestellten Image verwenden oder einen fertig vorkonfigurierten Raspberry Pi <a href=\"https:\/\/www.just-a-simple-cloud.com\/de\/raspishop\/\">\u00fcber uns beziehen<\/a>. Wir stellen Ihnen im <a href=\"https:\/\/www.just-a-simple-cloud.com\/de\/download\/\">Download-Bereich<\/a> alles zur Verf\u00fcgung. Ihr Raspi funktioniert ganz unkompliziert, als NAS in ihrem eigenen Netzwerk.<\/p>\n<p>Um die Konfiguration Ihres Routers (z.B. Ihre Fritz-Box) m\u00fcssen Sie sich nicht k\u00fcmmern. Das l\u00e4stige &#8222;Port-Forwarding&#8220; und dynamische DNS-Dienste entfallen ebenfalls!<\/p>\n<\/div><div class=\"fusion-clearfix\"><\/div><\/div><\/div><div class=\"fusion-layout-column fusion_builder_column fusion-builder-column-7 fusion_builder_column_1_1 1_1 fusion-one-full fusion-column-first fusion-column-last\" style=\"--awb-padding-right:5%;--awb-padding-left:5%;--awb-bg-size:cover;\"><div class=\"fusion-column-wrapper fusion-flex-column-wrapper-legacy\"><div class=\"fusion-sep-clear\"><\/div><div class=\"fusion-separator fusion-full-width-sep\" style=\"margin-left: auto;margin-right: auto;margin-bottom:30px;width:100%;\"><div class=\"fusion-separator-border sep-single\" style=\"--awb-height:20px;--awb-amount:20px;border-color:#8e8e8e;border-top-width:1px;\"><\/div><\/div><div class=\"fusion-sep-clear\"><\/div><div class=\"fusion-tabs fusion-tabs-1 clean vertical-tabs icon-position-left mobile-mode-accordion\" style=\"--awb-title-border-radius-top-left:0px;--awb-title-border-radius-top-right:0px;--awb-title-border-radius-bottom-right:0px;--awb-title-border-radius-bottom-left:0px;--awb-alignment:center;--awb-inactive-color:#8e8e8e;--awb-background-color:#f87c09;--awb-border-color:#333333;--awb-active-border-color:#f87c09;\"><div class=\"nav\"><ul class=\"nav-tabs\" role=\"tablist\"><li class=\"active\" role=\"presentation\"><a class=\"tab-link\" data-toggle=\"tab\" role=\"tab\" aria-controls=\"tab-7dea891f53ce1285c2d\" aria-selected=\"true\" id=\"fusion-tab-imageinstallieren\" href=\"#tab-7dea891f53ce1285c2d\"><h4 class=\"fusion-tab-heading\"><i class=\"fontawesome-icon fa-arrow-alt-circle-down fas\" aria-hidden=\"true\" style=\"font-size:13px;\"><\/i>Image installieren<\/h4><\/a><\/li><li role=\"presentation\"><a class=\"tab-link\" data-toggle=\"tab\" role=\"tab\" aria-controls=\"tab-51f1d3073b59d9cf0a5\" aria-selected=\"false\" tabindex=\"-1\" id=\"fusion-tab-raspikaufen\" href=\"#tab-51f1d3073b59d9cf0a5\"><h4 class=\"fusion-tab-heading\"><i class=\"fontawesome-icon fa-cart-plus fas\" aria-hidden=\"true\" style=\"font-size:13px;\"><\/i>Raspi kaufen<\/h4><\/a><\/li><\/ul><\/div><div class=\"tab-content\"><div class=\"nav fusion-mobile-tab-nav\"><ul class=\"nav-tabs\" role=\"tablist\"><li class=\"active\" role=\"presentation\"><a class=\"tab-link\" data-toggle=\"tab\" role=\"tab\" aria-controls=\"tab-7dea891f53ce1285c2d\" aria-selected=\"true\" id=\"mobile-fusion-tab-imageinstallieren\" href=\"#tab-7dea891f53ce1285c2d\"><h4 class=\"fusion-tab-heading\"><i class=\"fontawesome-icon fa-arrow-alt-circle-down fas\" aria-hidden=\"true\" style=\"font-size:13px;\"><\/i>Image installieren<\/h4><\/a><\/li><\/ul><\/div><div class=\"tab-pane fade fusion-clearfix in active\" role=\"tabpanel\" tabindex=\"0\" aria-labelledby=\"fusion-tab-imageinstallieren\" id=\"tab-7dea891f53ce1285c2d\">\n<p>Im <a href=\"https:\/\/www.just-a-simple-cloud.com\/de\/download\/\">Download-Bereich<\/a> finden Sie die Bedienungsanleitung, um Ihren eigenen Raspberry Pi mit Hilfe eines von uns bereit gestellten Images selber aufzusetzen.<\/p>\n<\/div><div class=\"nav fusion-mobile-tab-nav\"><ul class=\"nav-tabs\" role=\"tablist\"><li role=\"presentation\"><a class=\"tab-link\" data-toggle=\"tab\" role=\"tab\" aria-controls=\"tab-51f1d3073b59d9cf0a5\" aria-selected=\"false\" tabindex=\"-1\" id=\"mobile-fusion-tab-raspikaufen\" href=\"#tab-51f1d3073b59d9cf0a5\"><h4 class=\"fusion-tab-heading\"><i class=\"fontawesome-icon fa-cart-plus fas\" aria-hidden=\"true\" style=\"font-size:13px;\"><\/i>Raspi kaufen<\/h4><\/a><\/li><\/ul><\/div><div class=\"tab-pane fade fusion-clearfix\" role=\"tabpanel\" tabindex=\"0\" aria-labelledby=\"fusion-tab-raspikaufen\" id=\"tab-51f1d3073b59d9cf0a5\">\n<p style=\"text-align: center;\">&#8222;Raspberry Pi?&#8220;<\/p>\n<p>Das haben Sie zwar schon mal geh\u00f6rt, aber wie geht das? Erwerben Sie einen fertig konfigurierten Raspberry Pi \u00fcber uns, stecken Sie das Netzwerk-Kabel in Ihren Router oder verbinden Sie den Raspberry Pi per WLAN und binnen weniger Minuten kann es los gehen!<\/p>\n<p style=\"text-align: center;\"><div class=\"fusion-align-block\"><a class=\"fusion-button button-flat fusion-button-default-size button-default fusion-button-default button-1 fusion-button-default-span fusion-button-default-type\" style=\"width:calc(100%);\" target=\"_self\" href=\"https:\/\/www.just-a-simple-cloud.com\/de\/raspishop\/\"><span class=\"fusion-button-text awb-button__text awb-button__text--default\">Zum Shop<\/span><\/a><\/div>\n<\/div><\/div><\/div><div class=\"fusion-clearfix\"><\/div><\/div><\/div><\/div><\/div><\/p>\n","protected":false},"excerpt":{"rendered":"","protected":false},"author":2,"featured_media":0,"parent":0,"menu_order":0,"comment_status":"closed","ping_status":"closed","template":"100-width.php","meta":{"footnotes":""},"class_list":["post-3028","page","type-page","status-publish","hentry"],"_links":{"self":[{"href":"https:\/\/www.just-a-simple-cloud.com\/de\/wp-json\/wp\/v2\/pages\/3028","targetHints":{"allow":["GET"]}}],"collection":[{"href":"https:\/\/www.just-a-simple-cloud.com\/de\/wp-json\/wp\/v2\/pages"}],"about":[{"href":"https:\/\/www.just-a-simple-cloud.com\/de\/wp-json\/wp\/v2\/types\/page"}],"author":[{"embeddable":true,"href":"https:\/\/www.just-a-simple-cloud.com\/de\/wp-json\/wp\/v2\/users\/2"}],"replies":[{"embeddable":true,"href":"https:\/\/www.just-a-simple-cloud.com\/de\/wp-json\/wp\/v2\/comments?post=3028"}],"version-history":[{"count":0,"href":"https:\/\/www.just-a-simple-cloud.com\/de\/wp-json\/wp\/v2\/pages\/3028\/revisions"}],"wp:attachment":[{"href":"https:\/\/www.just-a-simple-cloud.com\/de\/wp-json\/wp\/v2\/media?parent=3028"}],"curies":[{"name":"wp","href":"https:\/\/api.w.org\/{rel}","templated":true}]}}