{"id":2438,"date":"2018-11-13T14:46:55","date_gmt":"2018-11-13T13:46:55","guid":{"rendered":"https:\/\/www.just-a-simple-cloud.com\/lizenz\/"},"modified":"2025-08-11T15:58:28","modified_gmt":"2025-08-11T13:58:28","slug":"lizenz","status":"publish","type":"page","link":"https:\/\/www.just-a-simple-cloud.com\/de\/lizenz\/","title":{"rendered":"Lizenz"},"content":{"rendered":"<p><div class=\"fusion-fullwidth fullwidth-box fusion-builder-row-1 fusion-parallax-none nonhundred-percent-fullwidth non-hundred-percent-height-scrolling\" style=\"--awb-border-radius-top-left:0px;--awb-border-radius-top-right:0px;--awb-border-radius-bottom-right:0px;--awb-border-radius-bottom-left:0px;--awb-padding-top:45px;--awb-background-color:#eeeeee;--awb-background-image:url(&quot;https:\/\/www.just-a-simple-cloud.com\/wp-content\/uploads\/2018\/06\/ueber-den-wolken.jpg&quot;);--awb-background-size:cover;--awb-flex-wrap:wrap;\" ><div class=\"fusion-builder-row fusion-row\"><div class=\"fusion-layout-column fusion_builder_column fusion-builder-column-0 fusion_builder_column_1_6 1_6 fusion-one-sixth fusion-column-first fusion-no-small-visibility\" style=\"--awb-bg-size:cover;width:16.666666666667%;width:calc(16.666666666667% - ( ( 4% + 4% ) * 0.16666666666667 ) );margin-right: 4%;\"><div class=\"fusion-column-wrapper fusion-flex-column-wrapper-legacy\"><div class=\"fusion-clearfix\"><\/div><\/div><\/div><div class=\"fusion-layout-column fusion_builder_column fusion-builder-column-1 fusion_builder_column_2_3 2_3 fusion-two-third fusion-animated\" style=\"--awb-bg-size:cover;--awb-margin-top:85px;--awb-margin-bottom:60px;width:66.666666666667%;width:calc(66.666666666667% - ( ( 4% + 4% ) * 0.66666666666667 ) );margin-right: 4%;\" data-animationType=\"zoomIn\" data-animationDuration=\"0.9\" data-animationOffset=\"top-into-view\"><div class=\"fusion-column-wrapper fusion-flex-column-wrapper-legacy\"><div class=\"fusion-title title fusion-title-1 fusion-sep-none fusion-title-center fusion-title-text fusion-title-size-one\"><h1 class=\"fusion-title-heading title-heading-center fusion-responsive-typography-calculated\" style=\"margin:0;--fontSize:44;line-height:1.05;\"><span style=\"color: #333645;\">LIZENZ<\/span><\/h1><\/div><div class=\"fusion-sep-clear\"><\/div><div class=\"fusion-separator\" style=\"margin-left: auto;margin-right: auto;margin-top:16px;margin-bottom:36px;width:100%;max-width:24%;\"><div class=\"fusion-separator-border sep-single\" style=\"--awb-height:20px;--awb-amount:20px;border-color:#8e8e8e;border-top-width:2px;\"><\/div><\/div><div class=\"fusion-sep-clear\"><\/div><div class=\"fusion-text fusion-text-1\" style=\"--awb-text-transform:none;\"><p style=\"text-align: center; color: black;\">F\u00fcr Just a simple cloud wird eine Lizenz f\u00fcr den Server ben\u00f6tigt.<\/p>\n<p style=\"text-align: center; color: black;\">Die Clients ben\u00f6tigen keine Lizenz.<\/p>\n<p style=\"text-align: center; color: black;\">Die Server-Lizenz ist \u201enode-locked\u201c, das bedeutet, sie ist an den <a href=\"https:\/\/www.just-a-simple-cloud.com\/de\/raspi\/\">Raspberry Pi<\/a> gebunden. Wenn Sie eine Lizenz auf einen anderen Raspberry Pi \u00fcbertragen wollen (z.B. bei Wechsel der Hardware), kontaktieren Sie uns bitte.<\/p>\n<\/div><div class=\"fusion-sep-clear\"><\/div><div class=\"fusion-separator\" style=\"margin-left: auto;margin-right: auto;margin-top:16px;margin-bottom:36px;width:100%;max-width:24%;\"><div class=\"fusion-separator-border sep-single\" style=\"--awb-height:20px;--awb-amount:20px;border-color:#8e8e8e;border-top-width:2px;\"><\/div><\/div><div class=\"fusion-sep-clear\"><\/div><div class=\"fusion-title title fusion-title-2 fusion-sep-none fusion-title-center fusion-title-text fusion-title-size-one\"><h1 class=\"fusion-title-heading title-heading-center fusion-responsive-typography-calculated\" style=\"margin:0;--fontSize:44;line-height:1.05;\"><span style=\"color: #333645;\">Holen Sie sich einen Test-Monat f\u00fcr UMSONST!<\/span><\/h1><\/div><div class=\"fusion-text fusion-text-2\" style=\"--awb-text-transform:none;\"><p style=\"text-align: center; color: black;\">W\u00e4hrend der Installation erhalten Sie eine Lizenz f\u00fcr den ersten Monat kostenfrei &#8211; es werden keine Zahlungsdaten \/ keine Kreditkarten ben\u00f6tigt!<\/p>\n<\/div><div class=\"fusion-clearfix\"><\/div><\/div><\/div><div class=\"fusion-layout-column fusion_builder_column fusion-builder-column-2 fusion_builder_column_1_6 1_6 fusion-one-sixth fusion-column-last fusion-no-small-visibility\" style=\"--awb-bg-size:cover;width:16.666666666667%;width:calc(16.666666666667% - ( ( 4% + 4% ) * 0.16666666666667 ) );\"><div class=\"fusion-column-wrapper fusion-flex-column-wrapper-legacy\"><div class=\"fusion-clearfix\"><\/div><\/div><\/div><div class=\"fusion-layout-column fusion_builder_column fusion-builder-column-3 fusion_builder_column_1_1 1_1 fusion-one-full fusion-column-first fusion-column-last fusion-no-small-visibility\" style=\"--awb-bg-size:cover;--awb-margin-top:0px;--awb-margin-bottom:0px;\"><div class=\"fusion-column-wrapper fusion-flex-column-wrapper-legacy\"><div class=\"fusion-column-content-centered\"><div class=\"fusion-column-content\"><div class=\"fusion-section-separator section-separator big-half-circle fusion-section-separator-1\" style=\"--awb-spacer-height:99px;--awb-svg-margin-left:0;--awb-svg-margin-right:0;--awb-divider-height:99px;--awb-spacer-padding-top:inherit;--awb-sep-padding:0;--awb-svg-padding:0;\"><div class=\"fusion-section-separator-svg\"><svg class=\"fusion-big-half-circle-candy\" xmlns=\"http:\/\/www.w3.org\/2000\/svg\" version=\"1.1\" width=\"100%\" height=\"100\" viewBox=\"0 0 100 100\" preserveAspectRatio=\"none\" fill=\"rgba(51,51,51,1)\"><path d=\"M0 100 C40 0 60 0 100 100 Z\"><\/path><\/svg><\/div><div class=\"fusion-section-separator-spacer\"><div class=\"fusion-section-separator-spacer-height\"><\/div><\/div><\/div><\/div><\/div><div class=\"fusion-clearfix\"><\/div><\/div><\/div><\/div><\/div><div class=\"fusion-fullwidth fullwidth-box fusion-builder-row-2 nonhundred-percent-fullwidth non-hundred-percent-height-scrolling\" style=\"--awb-border-radius-top-left:0px;--awb-border-radius-top-right:0px;--awb-border-radius-bottom-right:0px;--awb-border-radius-bottom-left:0px;--awb-padding-top:40px;--awb-padding-bottom:70px;--awb-background-color:#333333;--awb-flex-wrap:wrap;\" ><div class=\"fusion-builder-row fusion-row\"><div class=\"fusion-layout-column fusion_builder_column fusion-builder-column-4 fusion_builder_column_1_1 1_1 fusion-one-full fusion-column-first fusion-column-last fusion-animated\" style=\"--awb-bg-size:cover;--awb-margin-top:15%px;--awb-margin-bottom:60px;\" data-animationType=\"zoomIn\" data-animationDuration=\"0.9\" data-animationOffset=\"top-into-view\"><div class=\"fusion-column-wrapper fusion-flex-column-wrapper-legacy\"><div class=\"fusion-title title fusion-title-3 fusion-sep-none fusion-title-center fusion-title-text fusion-title-size-one\"><h1 class=\"fusion-title-heading title-heading-center fusion-responsive-typography-calculated\" style=\"margin:0;--fontSize:44;line-height:1.05;\"><span style=\"color: #fff;\">Lizenzmodelle<\/span><\/h1><\/div><div class=\"fusion-sep-clear\"><\/div><div class=\"fusion-separator\" style=\"margin-left: auto;margin-right: auto;margin-top:16px;margin-bottom:36px;width:100%;max-width:24%;\"><div class=\"fusion-separator-border sep-single\" style=\"--awb-height:20px;--awb-amount:20px;border-color:#8e8e8e;border-top-width:2px;\"><\/div><\/div><div class=\"fusion-sep-clear\"><\/div><div class=\"fusion-text fusion-text-3\"><p>Der Preis der Lizenz ist abh\u00e4ngig vom Funktionsumfang und der Dauer der Nutzung. Es gibt keine Einschr\u00e4nkungen bei der Gr\u00f6\u00dfe des verwendeten Speicherplatzes. Sie k\u00f6nnen beispielsweise externe Festplatten verwenden, um den Speicherplatz zu vergr\u00f6\u00dfern.<\/p>\n<p>Wir pflanzen f\u00fcr Sie die entsprechende Anzahl an <a href=\"https:\/\/www.just-a-simple-cloud.com\/de\/nachhaltigkeit\/\">B\u00e4umen<\/a> je nach dem gew\u00e4hlten Lizenzmodell. Leisten Sie gemeinsam mit uns einen Beitrag zur Nachhaltigkeit!<\/p>\n<\/div><div class=\"fusion-clearfix\"><\/div><\/div><\/div><div class=\"fusion-layout-column fusion_builder_column fusion-builder-column-5 fusion_builder_column_1_1 1_1 fusion-one-full fusion-column-first fusion-column-last\" style=\"--awb-bg-size:cover;\"><div class=\"fusion-column-wrapper fusion-flex-column-wrapper-legacy\">\n<div class=\"table-2\">\n<table width=\"100%\">\n<thead>\n<tr>\n<th align=\"left\"><\/th>\n<th style=\"text-align: center;\" align=\"left\">Frei<\/th>\n<th style=\"text-align: center;\" align=\"left\">Personal Plus<\/th>\n<th style=\"text-align: center;\" align=\"left\">Professional Plus<\/th>\n<\/tr>\n<\/thead>\n<tbody>\n<tr>\n<td align=\"left\">1 Monat<\/td>\n<td style=\"text-align: center;\" align=\"left\">0.00 EUR<\/td>\n<td style=\"text-align: center;\" align=\"left\">3,49 EUR<\/td>\n<td style=\"text-align: center;\" align=\"left\">16,99 EUR <img decoding=\"async\" class=\"alignnone wp-image-3515\" src=\"https:\/\/www.just-a-simple-cloud.com\/wp-content\/uploads\/2023\/09\/Tree.gif\" alt=\"\" width=\"20\" height=\"22\" \/><\/td>\n<\/tr>\n<\/tbody>\n<tbody>\n<tr>\n<td align=\"left\">3 Monate<\/td>\n<td style=\"text-align: center;\" align=\"left\">&#8212;<\/td>\n<td style=\"text-align: center;\" align=\"left\">9,69 EUR <img decoding=\"async\" class=\"alignnone wp-image-3515\" src=\"https:\/\/www.just-a-simple-cloud.com\/wp-content\/uploads\/2023\/09\/Tree.gif\" alt=\"\" width=\"20\" height=\"22\" \/><\/td>\n<td style=\"text-align: center;\" align=\"left\">43,49 EUR <img decoding=\"async\" class=\"alignnone wp-image-3515\" src=\"https:\/\/www.just-a-simple-cloud.com\/wp-content\/uploads\/2023\/09\/Tree.gif\" alt=\"\" width=\"20\" height=\"22\" \/> <img decoding=\"async\" class=\"alignnone wp-image-3515\" src=\"https:\/\/www.just-a-simple-cloud.com\/wp-content\/uploads\/2023\/09\/Tree.gif\" alt=\"\" width=\"20\" height=\"22\" \/><\/td>\n<\/tr>\n<\/tbody>\n<tbody>\n<tr>\n<td align=\"left\">6 Monate<\/td>\n<td style=\"text-align: center;\" align=\"left\">&#8212;<\/td>\n<td style=\"text-align: center;\" align=\"left\">17,99 EUR <img decoding=\"async\" class=\"alignnone wp-image-3515\" src=\"https:\/\/www.just-a-simple-cloud.com\/wp-content\/uploads\/2023\/09\/Tree.gif\" alt=\"\" width=\"20\" height=\"22\" \/> <img decoding=\"async\" class=\"alignnone wp-image-3515\" src=\"https:\/\/www.just-a-simple-cloud.com\/wp-content\/uploads\/2023\/09\/Tree.gif\" alt=\"\" width=\"20\" height=\"22\" \/><\/td>\n<td style=\"text-align: center;\" align=\"left\">71,99 EUR <img decoding=\"async\" class=\"alignnone wp-image-3515\" src=\"https:\/\/www.just-a-simple-cloud.com\/wp-content\/uploads\/2023\/09\/Tree.gif\" alt=\"\" width=\"20\" height=\"22\" \/> <img decoding=\"async\" class=\"alignnone wp-image-3515\" src=\"https:\/\/www.just-a-simple-cloud.com\/wp-content\/uploads\/2023\/09\/Tree.gif\" alt=\"\" width=\"20\" height=\"22\" \/> <img decoding=\"async\" class=\"alignnone wp-image-3515\" src=\"https:\/\/www.just-a-simple-cloud.com\/wp-content\/uploads\/2023\/09\/Tree.gif\" alt=\"\" width=\"20\" height=\"22\" \/><\/td>\n<\/tr>\n<\/tbody>\n<tbody>\n<tr>\n<td align=\"left\">12 Monate<\/td>\n<td style=\"text-align: center;\" align=\"left\">&#8212;<\/td>\n<td style=\"text-align: center;\" align=\"left\">32,99 EUR <img decoding=\"async\" class=\"alignnone wp-image-3515\" src=\"https:\/\/www.just-a-simple-cloud.com\/wp-content\/uploads\/2023\/09\/Tree.gif\" alt=\"\" width=\"20\" height=\"22\" \/> <img decoding=\"async\" class=\"alignnone wp-image-3515\" src=\"https:\/\/www.just-a-simple-cloud.com\/wp-content\/uploads\/2023\/09\/Tree.gif\" alt=\"\" width=\"20\" height=\"22\" \/> <img decoding=\"async\" class=\"alignnone wp-image-3515\" src=\"https:\/\/www.just-a-simple-cloud.com\/wp-content\/uploads\/2023\/09\/Tree.gif\" alt=\"\" width=\"20\" height=\"22\" \/><\/td>\n<td style=\"text-align: center;\" align=\"left\">113,99 EUR <img decoding=\"async\" class=\"alignnone wp-image-3515\" src=\"https:\/\/www.just-a-simple-cloud.com\/wp-content\/uploads\/2023\/09\/Tree.gif\" alt=\"\" width=\"20\" height=\"22\" \/> <img decoding=\"async\" class=\"alignnone wp-image-3515\" src=\"https:\/\/www.just-a-simple-cloud.com\/wp-content\/uploads\/2023\/09\/Tree.gif\" alt=\"\" width=\"20\" height=\"22\" \/> <img decoding=\"async\" class=\"alignnone wp-image-3515\" src=\"https:\/\/www.just-a-simple-cloud.com\/wp-content\/uploads\/2023\/09\/Tree.gif\" alt=\"\" width=\"20\" height=\"22\" \/> <img decoding=\"async\" class=\"alignnone wp-image-3515\" src=\"https:\/\/www.just-a-simple-cloud.com\/wp-content\/uploads\/2023\/09\/Tree.gif\" alt=\"\" width=\"20\" height=\"22\" \/> <img decoding=\"async\" class=\"alignnone wp-image-3515\" src=\"https:\/\/www.just-a-simple-cloud.com\/wp-content\/uploads\/2023\/09\/Tree.gif\" alt=\"\" width=\"20\" height=\"22\" \/><\/td>\n<\/tr>\n<\/tbody>\n<\/table>\n<\/div>\n<div class=\"fusion-text fusion-text-4\" style=\"--awb-text-transform:none;\"><p><center>Die Zusatzfunktion \u201eBackup\u201c wird mit jeweils 10% des gew\u00e4hlten Lizenzmodells berechnet. Sie erstellt automatisch auf dem Server jeweils um 24:00 Uhr ein Zip-Archiv aller Projekt-Verzeichnisse.<\/center><\/p>\n<\/div><div class=\"fusion-clearfix\"><\/div><\/div><\/div><div class=\"fusion-layout-column fusion_builder_column fusion-builder-column-6 fusion_builder_column_1_6 1_6 fusion-one-sixth fusion-column-first fusion-no-small-visibility\" style=\"--awb-bg-size:cover;width:16.666666666667%;width:calc(16.666666666667% - ( ( 4% ) * 0.16666666666667 ) );margin-right: 4%;\"><div class=\"fusion-column-wrapper fusion-flex-column-wrapper-legacy\"><div class=\"fusion-clearfix\"><\/div><\/div><\/div><div class=\"fusion-layout-column fusion_builder_column fusion-builder-column-7 fusion_builder_column_2_3 2_3 fusion-two-third fusion-column-last\" style=\"--awb-bg-size:cover;--awb-margin-top:80px;--awb-margin-bottom:45px;width:66.666666666667%;width:calc(66.666666666667% - ( ( 4% ) * 0.66666666666667 ) );\"><div class=\"fusion-column-wrapper fusion-flex-column-wrapper-legacy\"><div class=\"fusion-sep-clear\"><\/div><div class=\"fusion-separator fusion-full-width-sep\" style=\"margin-left: auto;margin-right: auto;margin-top:40px;width:100%;\"><\/div><div class=\"fusion-sep-clear\"><\/div><div class=\"fusion-title title fusion-title-4 fusion-sep-none fusion-title-center fusion-title-text fusion-title-size-two\" style=\"--awb-margin-top:0px;\"><h2 class=\"fusion-title-heading title-heading-center fusion-responsive-typography-calculated\" style=\"margin:0;--fontSize:36;line-height:1.05;\"><h2>Limitierungen<\/h2><\/h2><\/div><div class=\"fusion-sep-clear\"><\/div><div class=\"fusion-separator\" style=\"margin-left: auto;margin-right: auto;margin-top:16px;margin-bottom:36px;width:100%;max-width:24%;\"><div class=\"fusion-separator-border sep-single\" style=\"--awb-height:20px;--awb-amount:20px;--awb-sep-color:#8e8e8e;border-color:8e8e8e;border-top-width:2px;\"><\/div><\/div><div class=\"fusion-sep-clear\"><\/div><div class=\"fusion-clearfix\"><\/div><\/div><\/div><div class=\"fusion-layout-column fusion_builder_column fusion-builder-column-8 fusion_builder_column_1_1 1_1 fusion-one-full fusion-column-first fusion-column-last\" style=\"--awb-bg-size:cover;\"><div class=\"fusion-column-wrapper fusion-flex-column-wrapper-legacy\">\n<div class=\"table-2\">\n<table width=\"100%\">\n<thead>\n<tr>\n<th align=\"left\"><\/th>\n<th align=\"left\">Frei (*)<\/th>\n<th align=\"left\">Personal Plus<\/th>\n<th align=\"left\">Professional Plus<\/th>\n<\/tr>\n<\/thead>\n<tbody>\n<tr>\n<td align=\"left\">Projekte<\/td>\n<td align=\"left\">2<\/td>\n<td align=\"left\">1<\/td>\n<td align=\"left\">10<\/td>\n<\/tr>\n<tr>\n<td align=\"left\">Dateien je Projekt<\/td>\n<td align=\"left\">50.000<\/td>\n<td align=\"left\">50.000<\/td>\n<td align=\"left\">50.000<\/td>\n<\/tr>\n<tr>\n<td align=\"left\">Clients je Projekt<\/td>\n<td align=\"left\">5<\/td>\n<td align=\"left\">15<\/td>\n<td align=\"left\">15<\/td>\n<\/tr>\n<tr>\n<td align=\"left\">Schneller Dateitransfer (**)<\/td>\n<td align=\"left\">Ja<\/td>\n<td align=\"left\">Nein<\/td>\n<td align=\"left\">Ja<\/td>\n<\/tr>\n<\/tbody>\n<\/table>\n<\/div>\n<div class=\"fusion-text fusion-text-5\" style=\"--awb-text-transform:none;\"><p><center>(*) = Die freie Lizenz ist auf einen Monat beschr\u00e4nkt und nicht verl\u00e4ngerbar \/ \u00e4nderbar, sobald sie ausgestellt wurde!<\/center><center>(**) = Der schnelle Dateitransfer erh\u00f6ht die Geschwindigkeit beim Datentransfer erheblich.<\/center><\/p>\n<\/div><div class=\"fusion-clearfix\"><\/div><\/div><\/div><\/div><\/div><\/p>\n","protected":false},"excerpt":{"rendered":"","protected":false},"author":2,"featured_media":0,"parent":0,"menu_order":0,"comment_status":"closed","ping_status":"closed","template":"100-width.php","meta":{"footnotes":""},"class_list":["post-2438","page","type-page","status-publish","hentry"],"_links":{"self":[{"href":"https:\/\/www.just-a-simple-cloud.com\/de\/wp-json\/wp\/v2\/pages\/2438","targetHints":{"allow":["GET"]}}],"collection":[{"href":"https:\/\/www.just-a-simple-cloud.com\/de\/wp-json\/wp\/v2\/pages"}],"about":[{"href":"https:\/\/www.just-a-simple-cloud.com\/de\/wp-json\/wp\/v2\/types\/page"}],"author":[{"embeddable":true,"href":"https:\/\/www.just-a-simple-cloud.com\/de\/wp-json\/wp\/v2\/users\/2"}],"replies":[{"embeddable":true,"href":"https:\/\/www.just-a-simple-cloud.com\/de\/wp-json\/wp\/v2\/comments?post=2438"}],"version-history":[{"count":0,"href":"https:\/\/www.just-a-simple-cloud.com\/de\/wp-json\/wp\/v2\/pages\/2438\/revisions"}],"wp:attachment":[{"href":"https:\/\/www.just-a-simple-cloud.com\/de\/wp-json\/wp\/v2\/media?parent=2438"}],"curies":[{"name":"wp","href":"https:\/\/api.w.org\/{rel}","templated":true}]}}